{"id":937,"date":"2026-01-23T18:26:27","date_gmt":"2026-01-23T17:26:27","guid":{"rendered":"https:\/\/pralong-guitars.com\/?page_id=937"},"modified":"2026-04-21T12:37:36","modified_gmt":"2026-04-21T10:37:36","slug":"instruments","status":"publish","type":"page","link":"https:\/\/pralong-guitars.com\/en\/instruments\/","title":{"rendered":"instruments"},"content":{"rendered":"<p>[et_pb_section fb_built=\u00a0\u00bb1&Prime; custom_padding_last_edited=\u00a0\u00bboff|tablet\u00a0\u00bb admin_label=\u00a0\u00bbinstruments\u00a0\u00bb _builder_version=\u00a0\u00bb4.27.5&Prime; _module_preset=\u00a0\u00bbdefault\u00a0\u00bb background_color=\u00a0\u00bb#000000&Prime; width_tablet=\u00a0\u00bb\u00a0\u00bb width_phone=\u00a0\u00bb\u00a0\u00bb width_last_edited=\u00a0\u00bbon|desktop\u00a0\u00bb custom_margin=\u00a0\u00bb||0px||false|false\u00a0\u00bb custom_padding=\u00a0\u00bb0px||0px||false|false\u00a0\u00bb hover_enabled=\u00a0\u00bb0&Prime; custom_css_free_form=\u00a0\u00bb\/* Base *\/||.instrument {||  transition: opacity 0.3s ease;||}||||\/* Texte statut sous le titre *\/||.instrument.disponible::after {||  content: %22- Disponible -%22;||  color: #3cb878;||  font-size: 12px;||  text-align: center;||  display: block;||  margin-top: 1px;||  font-weight: 500;||}||||||\/* Vendue *\/||.instrument.vendue {||  opacity: 0.35;||}||||.instrument.vendue::after {||  content: %22- D\u00e9j\u00e0 adopt\u00e9e -%22;||  font-size: 12px;||  color: #A12A12;||  text-align: center;||  display: block;||  margin-top: 1px;||}||.et_pb_image a {||  pointer-events: auto;||}||||\u00a0\u00bb global_colors_info=\u00a0\u00bb{}\u00a0\u00bb sticky_enabled=\u00a0\u00bb0&Prime;][et_pb_row column_structure=\u00a0\u00bb1_2,1_2&Prime; _builder_version=\u00a0\u00bb4.27.5&Prime; _module_preset=\u00a0\u00bbdefault\u00a0\u00bb width=\u00a0\u00bb55%\u00a0\u00bb hover_enabled=\u00a0\u00bb0&Prime; global_colors_info=\u00a0\u00bb{}\u00a0\u00bb custom_margin=\u00a0\u00bb0px||||false|false\u00a0\u00bb custom_padding=\u00a0\u00bb0px||||false|false\u00a0\u00bb sticky_enabled=\u00a0\u00bb0&Prime;][et_pb_column type=\u00a0\u00bb1_2&Prime; admin_label=\u00a0\u00bbColonne\u00a0\u00bb _builder_version=\u00a0\u00bb4.27.5&Prime; _module_preset=\u00a0\u00bbdefault\u00a0\u00bb hover_enabled=\u00a0\u00bb0&Prime; global_colors_info=\u00a0\u00bb{}\u00a0\u00bb sticky_enabled=\u00a0\u00bb0&Prime;][et_pb_image src=\u00a0\u00bbhttps:\/\/pralong-guitars.com\/wp-content\/uploads\/2026\/01\/1-guit-droitier.jpg\u00a0\u00bb title_text=\u00a0\u00bb1-guit-droitier\u00a0\u00bb url=\u00a0\u00bb@ET-DC@eyJkeW5hbWljIjp0cnVlLCJjb250ZW50IjoicG9zdF9saW5rX3VybF9wYWdlIiwic2V0dGluZ3MiOnsicG9zdF9pZCI6Ijg5OCJ9fQ==@\u00a0\u00bb _builder_version=\u00a0\u00bb4.27.5&Prime; _dynamic_attributes=\u00a0\u00bburl\u00a0\u00bb _module_preset=\u00a0\u00bbdefault\u00a0\u00bb border_radii=\u00a0\u00bboff|24px|24px||\u00a0\u00bb border_width_all=\u00a0\u00bb1px\u00a0\u00bb border_color_all=\u00a0\u00bb#FFFFFF\u00a0\u00bb global_colors_info=\u00a0\u00bb{}\u00a0\u00bb][\/et_pb_image][et_pb_text _builder_version=\u00a0\u00bb4.27.5&Prime; _module_preset=\u00a0\u00bbdefault\u00a0\u00bb text_text_color=\u00a0\u00bb#000000&Prime; header_text_align=\u00a0\u00bbcenter\u00a0\u00bb background_color=\u00a0\u00bb#d8d8d8&Prime; text_orientation=\u00a0\u00bbcenter\u00a0\u00bb custom_margin=\u00a0\u00bb-30px||||false|false\u00a0\u00bb custom_padding=\u00a0\u00bb6px||6px||true|false\u00a0\u00bb border_radii=\u00a0\u00bboff|||24px|24px\u00a0\u00bb border_width_all=\u00a0\u00bb1px\u00a0\u00bb border_color_all=\u00a0\u00bb#FFFFFF\u00a0\u00bb global_colors_info=\u00a0\u00bb{}\u00a0\u00bb]<\/p>\n<p>Variocaster Relief Guitars<\/p>\n<p>[\/et_pb_text][\/et_pb_column][et_pb_column type=\u00a0\u00bb1_2&Prime; admin_label=\u00a0\u00bbColonne\u00a0\u00bb _builder_version=\u00a0\u00bb4.27.5&Prime; _module_preset=\u00a0\u00bbdefault\u00a0\u00bb global_colors_info=\u00a0\u00bb{}\u00a0\u00bb][et_pb_image src=\u00a0\u00bbhttps:\/\/pralong-guitars.com\/wp-content\/uploads\/2026\/01\/basse-verte.jpg\u00a0\u00bb title_text=\u00a0\u00bbbasse-verte\u00a0\u00bb url=\u00a0\u00bb@ET-DC@eyJkeW5hbWljIjp0cnVlLCJjb250ZW50IjoicG9zdF9saW5rX3VybF9wYWdlIiwic2V0dGluZ3MiOnsicG9zdF9pZCI6IjkwMiJ9fQ==@\u00a0\u00bb admin_label=\u00a0\u00bbImage\u00a0\u00bb _builder_version=\u00a0\u00bb4.27.5&Prime; _dynamic_attributes=\u00a0\u00bburl\u00a0\u00bb _module_preset=\u00a0\u00bbdefault\u00a0\u00bb border_radii=\u00a0\u00bboff|24px|24px||\u00a0\u00bb border_width_all=\u00a0\u00bb1px\u00a0\u00bb border_color_all=\u00a0\u00bb#FFFFFF\u00a0\u00bb global_colors_info=\u00a0\u00bb{}\u00a0\u00bb][\/et_pb_image][et_pb_text admin_label=\u00a0\u00bbTexte\u00a0\u00bb _builder_version=\u00a0\u00bb4.27.5&Prime; _module_preset=\u00a0\u00bbdefault\u00a0\u00bb text_text_color=\u00a0\u00bb#000000&Prime; header_text_align=\u00a0\u00bbcenter\u00a0\u00bb background_color=\u00a0\u00bb#d8d8d8&Prime; text_orientation=\u00a0\u00bbcenter\u00a0\u00bb custom_margin=\u00a0\u00bb-30px||||false|false\u00a0\u00bb custom_padding=\u00a0\u00bb6px||6px||true|false\u00a0\u00bb border_radii=\u00a0\u00bboff|||24px|24px\u00a0\u00bb border_width_all=\u00a0\u00bb1px\u00a0\u00bb border_color_all=\u00a0\u00bb#FFFFFF\u00a0\u00bb global_colors_info=\u00a0\u00bb{}\u00a0\u00bb]<\/p>\n<p>Variocaster Relief Bass <\/p>\n<p>[\/et_pb_text][\/et_pb_column][\/et_pb_row][et_pb_row column_structure=\u00a0\u00bb1_2,1_2&Prime; _builder_version=\u00a0\u00bb4.27.5&Prime; _module_preset=\u00a0\u00bbdefault\u00a0\u00bb width=\u00a0\u00bb55%\u00a0\u00bb custom_padding=\u00a0\u00bb0px||||false|false\u00a0\u00bb global_colors_info=\u00a0\u00bb{}\u00a0\u00bb][et_pb_column type=\u00a0\u00bb1_2&Prime; _builder_version=\u00a0\u00bb4.27.5&Prime; _module_preset=\u00a0\u00bbdefault\u00a0\u00bb global_colors_info=\u00a0\u00bb{}\u00a0\u00bb][et_pb_image src=\u00a0\u00bbhttps:\/\/pralong-guitars.com\/wp-content\/uploads\/2026\/04\/unplug-guitare-semi-accoustique-pralong-guitars.jpg\u00a0\u00bb title_text=\u00a0\u00bbunplug-guitare-semi-accoustique-pralong-guitars\u00a0\u00bb url=\u00a0\u00bb@ET-DC@eyJkeW5hbWljIjp0cnVlLCJjb250ZW50IjoicG9zdF9saW5rX3VybF9wYWdlIiwic2V0dGluZ3MiOnsicG9zdF9pZCI6IjkxMCJ9fQ==@\u00a0\u00bb _builder_version=\u00a0\u00bb4.27.5&Prime; _dynamic_attributes=\u00a0\u00bburl\u00a0\u00bb _module_preset=\u00a0\u00bbdefault\u00a0\u00bb hover_enabled=\u00a0\u00bb0&Prime; border_radii=\u00a0\u00bboff|24px|24px||\u00a0\u00bb border_width_all=\u00a0\u00bb1px\u00a0\u00bb border_color_all=\u00a0\u00bb#FFFFFF\u00a0\u00bb global_colors_info=\u00a0\u00bb{}\u00a0\u00bb sticky_enabled=\u00a0\u00bb0&Prime;][\/et_pb_image][et_pb_text admin_label=\u00a0\u00bbTexte\u00a0\u00bb _builder_version=\u00a0\u00bb4.27.5&Prime; _module_preset=\u00a0\u00bbdefault\u00a0\u00bb text_text_color=\u00a0\u00bb#000000&Prime; header_text_align=\u00a0\u00bbcenter\u00a0\u00bb background_color=\u00a0\u00bb#d8d8d8&Prime; text_orientation=\u00a0\u00bbcenter\u00a0\u00bb custom_margin=\u00a0\u00bb-30px||||false|false\u00a0\u00bb custom_padding=\u00a0\u00bb6px||6px||true|false\u00a0\u00bb border_radii=\u00a0\u00bboff|||24px|24px\u00a0\u00bb border_width_all=\u00a0\u00bb1px\u00a0\u00bb border_color_all=\u00a0\u00bb#FFFFFF\u00a0\u00bb global_colors_info=\u00a0\u00bb{}\u00a0\u00bb]<\/p>\n<p>Variocaster Unplug Guitars<\/p>\n<p>[\/et_pb_text][\/et_pb_column][et_pb_column type=\u00a0\u00bb1_2&Prime; _builder_version=\u00a0\u00bb4.27.5&Prime; _module_preset=\u00a0\u00bbdefault\u00a0\u00bb global_colors_info=\u00a0\u00bb{}\u00a0\u00bb][et_pb_image src=\u00a0\u00bbhttps:\/\/pralong-guitars.com\/wp-content\/uploads\/2026\/01\/3-guit-gaucher.jpg\u00a0\u00bb title_text=\u00a0\u00bb3-guit-gaucher\u00a0\u00bb url=\u00a0\u00bb@ET-DC@eyJkeW5hbWljIjp0cnVlLCJjb250ZW50IjoicG9zdF9saW5rX3VybF9wYWdlIiwic2V0dGluZ3MiOnsicG9zdF9pZCI6IjkyNyJ9fQ==@\u00a0\u00bb _builder_version=\u00a0\u00bb4.27.5&Prime; _dynamic_attributes=\u00a0\u00bburl\u00a0\u00bb _module_preset=\u00a0\u00bbdefault\u00a0\u00bb border_radii=\u00a0\u00bboff|24px|24px||\u00a0\u00bb border_width_all=\u00a0\u00bb1px\u00a0\u00bb border_color_all=\u00a0\u00bb#FFFFFF\u00a0\u00bb global_colors_info=\u00a0\u00bb{}\u00a0\u00bb][\/et_pb_image][et_pb_text admin_label=\u00a0\u00bbTexte\u00a0\u00bb _builder_version=\u00a0\u00bb4.27.5&Prime; _module_preset=\u00a0\u00bbdefault\u00a0\u00bb text_text_color=\u00a0\u00bb#000000&Prime; header_text_align=\u00a0\u00bbcenter\u00a0\u00bb background_color=\u00a0\u00bb#d8d8d8&Prime; text_orientation=\u00a0\u00bbcenter\u00a0\u00bb custom_margin=\u00a0\u00bb-30px||||false|false\u00a0\u00bb custom_padding=\u00a0\u00bb6px||6px||true|false\u00a0\u00bb border_radii=\u00a0\u00bboff|||24px|24px\u00a0\u00bb border_width_all=\u00a0\u00bb1px\u00a0\u00bb border_color_all=\u00a0\u00bb#FFFFFF\u00a0\u00bb global_colors_info=\u00a0\u00bb{}\u00a0\u00bb]<\/p>\n<p>Lefty Variocaster Relief Guitars<\/p>\n<p>[\/et_pb_text][\/et_pb_column][\/et_pb_row][\/et_pb_section]<\/p>","protected":false},"excerpt":{"rendered":"<p>Guitares Variocaster ReliefBasses Variomaster Relief Guitares Variocaster UnplugGuitares Variocaster Relief Gaucher<\/p>","protected":false},"author":2,"featured_media":0,"parent":0,"menu_order":0,"comment_status":"closed","ping_status":"closed","template":"","meta":{"_et_pb_use_builder":"on","_et_pb_old_content":"","_et_gb_content_width":"","footnotes":""},"dipi_cpt_category":[],"class_list":["post-937","page","type-page","status-publish","hentry"],"yoast_head":"<!-- This site is optimized with the Yoast SEO plugin v26.7 - https:\/\/yoast.com\/wordpress\/plugins\/seo\/ -->\n<title>instruments - Pralong Guitars<\/title>\n<meta name=\"robots\" content=\"index, follow, max-snippet:-1, max-image-preview:large, max-video-preview:-1\" \/>\n<link rel=\"canonical\" href=\"https:\/\/pralong-guitars.com\/en\/instruments\/\" \/>\n<meta property=\"og:locale\" content=\"en_US\" \/>\n<meta property=\"og:type\" content=\"article\" \/>\n<meta property=\"og:title\" content=\"instruments - Pralong Guitars\" \/>\n<meta property=\"og:description\" content=\"Guitares Variocaster ReliefBasses Variomaster Relief Guitares Variocaster UnplugGuitares Variocaster Relief Gaucher\" \/>\n<meta property=\"og:url\" content=\"https:\/\/pralong-guitars.com\/en\/instruments\/\" \/>\n<meta property=\"og:site_name\" content=\"Pralong Guitars\" \/>\n<meta property=\"article:publisher\" content=\"https:\/\/www.facebook.com\/pralongguitars\" \/>\n<meta property=\"article:modified_time\" content=\"2026-04-21T10:37:36+00:00\" \/>\n<meta name=\"twitter:card\" content=\"summary_large_image\" \/>\n<meta name=\"twitter:label1\" content=\"Est. reading time\" \/>\n\t<meta name=\"twitter:data1\" content=\"1 minute\" \/>\n<script type=\"application\/ld+json\" class=\"yoast-schema-graph\">{\"@context\":\"https:\/\/schema.org\",\"@graph\":[{\"@type\":\"WebPage\",\"@id\":\"https:\/\/pralong-guitars.com\/instruments\/\",\"url\":\"https:\/\/pralong-guitars.com\/instruments\/\",\"name\":\"instruments - Pralong Guitars\",\"isPartOf\":{\"@id\":\"https:\/\/pralong-guitars.com\/#website\"},\"datePublished\":\"2026-01-23T17:26:27+00:00\",\"dateModified\":\"2026-04-21T10:37:36+00:00\",\"breadcrumb\":{\"@id\":\"https:\/\/pralong-guitars.com\/instruments\/#breadcrumb\"},\"inLanguage\":\"en-US\",\"potentialAction\":[{\"@type\":\"ReadAction\",\"target\":[\"https:\/\/pralong-guitars.com\/instruments\/\"]}]},{\"@type\":\"BreadcrumbList\",\"@id\":\"https:\/\/pralong-guitars.com\/instruments\/#breadcrumb\",\"itemListElement\":[{\"@type\":\"ListItem\",\"position\":1,\"name\":\"Accueil\",\"item\":\"https:\/\/pralong-guitars.com\/\"},{\"@type\":\"ListItem\",\"position\":2,\"name\":\"instruments\"}]},{\"@type\":\"WebSite\",\"@id\":\"https:\/\/pralong-guitars.com\/#website\",\"url\":\"https:\/\/pralong-guitars.com\/\",\"name\":\"Pralong Guitars\",\"description\":\"Artisanal Guitars and Bass\",\"publisher\":{\"@id\":\"https:\/\/pralong-guitars.com\/#organization\"},\"potentialAction\":[{\"@type\":\"SearchAction\",\"target\":{\"@type\":\"EntryPoint\",\"urlTemplate\":\"https:\/\/pralong-guitars.com\/?s={search_term_string}\"},\"query-input\":{\"@type\":\"PropertyValueSpecification\",\"valueRequired\":true,\"valueName\":\"search_term_string\"}}],\"inLanguage\":\"en-US\"},{\"@type\":\"Organization\",\"@id\":\"https:\/\/pralong-guitars.com\/#organization\",\"name\":\"Pralong Guitars\",\"url\":\"https:\/\/pralong-guitars.com\/\",\"logo\":{\"@type\":\"ImageObject\",\"inLanguage\":\"en-US\",\"@id\":\"https:\/\/pralong-guitars.com\/#\/schema\/logo\/image\/\",\"url\":\"https:\/\/pralong-guitars.com\/wp-content\/uploads\/2023\/04\/logo_pralong_guitars.svg\",\"contentUrl\":\"https:\/\/pralong-guitars.com\/wp-content\/uploads\/2023\/04\/logo_pralong_guitars.svg\",\"width\":1,\"height\":1,\"caption\":\"Pralong Guitars\"},\"image\":{\"@id\":\"https:\/\/pralong-guitars.com\/#\/schema\/logo\/image\/\"},\"sameAs\":[\"https:\/\/www.facebook.com\/pralongguitars\",\"https:\/\/www.instagram.com\/pralong_guitars\/\"]}]}<\/script>\n<!-- \/ Yoast SEO plugin. -->","yoast_head_json":{"title":"instruments - Pralong Guitars","robots":{"index":"index","follow":"follow","max-snippet":"max-snippet:-1","max-image-preview":"max-image-preview:large","max-video-preview":"max-video-preview:-1"},"canonical":"https:\/\/pralong-guitars.com\/en\/instruments\/","og_locale":"en_US","og_type":"article","og_title":"instruments - Pralong Guitars","og_description":"Guitares Variocaster ReliefBasses Variomaster Relief Guitares Variocaster UnplugGuitares Variocaster Relief Gaucher","og_url":"https:\/\/pralong-guitars.com\/en\/instruments\/","og_site_name":"Pralong Guitars","article_publisher":"https:\/\/www.facebook.com\/pralongguitars","article_modified_time":"2026-04-21T10:37:36+00:00","twitter_card":"summary_large_image","twitter_misc":{"Est. reading time":"1 minute"},"schema":{"@context":"https:\/\/schema.org","@graph":[{"@type":"WebPage","@id":"https:\/\/pralong-guitars.com\/instruments\/","url":"https:\/\/pralong-guitars.com\/instruments\/","name":"instruments - Pralong Guitars","isPartOf":{"@id":"https:\/\/pralong-guitars.com\/#website"},"datePublished":"2026-01-23T17:26:27+00:00","dateModified":"2026-04-21T10:37:36+00:00","breadcrumb":{"@id":"https:\/\/pralong-guitars.com\/instruments\/#breadcrumb"},"inLanguage":"en-US","potentialAction":[{"@type":"ReadAction","target":["https:\/\/pralong-guitars.com\/instruments\/"]}]},{"@type":"BreadcrumbList","@id":"https:\/\/pralong-guitars.com\/instruments\/#breadcrumb","itemListElement":[{"@type":"ListItem","position":1,"name":"Accueil","item":"https:\/\/pralong-guitars.com\/"},{"@type":"ListItem","position":2,"name":"instruments"}]},{"@type":"WebSite","@id":"https:\/\/pralong-guitars.com\/#website","url":"https:\/\/pralong-guitars.com\/","name":"Pralong Guitars","description":"Artisanal Guitars and Bass","publisher":{"@id":"https:\/\/pralong-guitars.com\/#organization"},"potentialAction":[{"@type":"SearchAction","target":{"@type":"EntryPoint","urlTemplate":"https:\/\/pralong-guitars.com\/?s={search_term_string}"},"query-input":{"@type":"PropertyValueSpecification","valueRequired":true,"valueName":"search_term_string"}}],"inLanguage":"en-US"},{"@type":"Organization","@id":"https:\/\/pralong-guitars.com\/#organization","name":"Pralong Guitars","url":"https:\/\/pralong-guitars.com\/","logo":{"@type":"ImageObject","inLanguage":"en-US","@id":"https:\/\/pralong-guitars.com\/#\/schema\/logo\/image\/","url":"https:\/\/pralong-guitars.com\/wp-content\/uploads\/2023\/04\/logo_pralong_guitars.svg","contentUrl":"https:\/\/pralong-guitars.com\/wp-content\/uploads\/2023\/04\/logo_pralong_guitars.svg","width":1,"height":1,"caption":"Pralong Guitars"},"image":{"@id":"https:\/\/pralong-guitars.com\/#\/schema\/logo\/image\/"},"sameAs":["https:\/\/www.facebook.com\/pralongguitars","https:\/\/www.instagram.com\/pralong_guitars\/"]}]}},"_links":{"self":[{"href":"https:\/\/pralong-guitars.com\/en\/wp-json\/wp\/v2\/pages\/937","targetHints":{"allow":["GET"]}}],"collection":[{"href":"https:\/\/pralong-guitars.com\/en\/wp-json\/wp\/v2\/pages"}],"about":[{"href":"https:\/\/pralong-guitars.com\/en\/wp-json\/wp\/v2\/types\/page"}],"author":[{"embeddable":true,"href":"https:\/\/pralong-guitars.com\/en\/wp-json\/wp\/v2\/users\/2"}],"replies":[{"embeddable":true,"href":"https:\/\/pralong-guitars.com\/en\/wp-json\/wp\/v2\/comments?post=937"}],"version-history":[{"count":22,"href":"https:\/\/pralong-guitars.com\/en\/wp-json\/wp\/v2\/pages\/937\/revisions"}],"predecessor-version":[{"id":1524,"href":"https:\/\/pralong-guitars.com\/en\/wp-json\/wp\/v2\/pages\/937\/revisions\/1524"}],"wp:attachment":[{"href":"https:\/\/pralong-guitars.com\/en\/wp-json\/wp\/v2\/media?parent=937"}],"wp:term":[{"taxonomy":"dipi_cpt_category","embeddable":true,"href":"https:\/\/pralong-guitars.com\/en\/wp-json\/wp\/v2\/dipi_cpt_category?post=937"}],"curies":[{"name":"wp","href":"https:\/\/api.w.org\/{rel}","templated":true}]}}