{"id":910,"date":"2026-01-23T15:11:25","date_gmt":"2026-01-23T14:11:25","guid":{"rendered":"https:\/\/pralong-guitars.com\/?page_id=910"},"modified":"2026-04-21T12:21:33","modified_gmt":"2026-04-21T10:21:33","slug":"les-guitares-unplug","status":"publish","type":"page","link":"https:\/\/pralong-guitars.com\/en\/les-guitares-unplug\/","title":{"rendered":"guitares-unplug"},"content":{"rendered":"<p>[et_pb_section fb_built=\u00a0\u00bb1&Prime; admin_label=\u00a0\u00bbinstruments\u00a0\u00bb _builder_version=\u00a0\u00bb4.27.5&Prime; _module_preset=\u00a0\u00bbdefault\u00a0\u00bb width_tablet=\u00a0\u00bb\u00a0\u00bb width_phone=\u00a0\u00bb\u00a0\u00bb width_last_edited=\u00a0\u00bbon|desktop\u00a0\u00bb min_height=\u00a0\u00bb152vh\u00a0\u00bb min_height_tablet=\u00a0\u00bb361vh\u00a0\u00bb min_height_phone=\u00a0\u00bb239vh\u00a0\u00bb min_height_last_edited=\u00a0\u00bbon|phone\u00a0\u00bb custom_margin=\u00a0\u00bb||-492px||false|false\u00a0\u00bb custom_padding=\u00a0\u00bb||281px|||\u00a0\u00bb custom_css_free_form=\u00a0\u00bb\/* Base *\/||.instrument {||  transition: opacity 0.3s ease;||}||||\/* Texte statut sous le titre *\/||.instrument.disponible::after {||  content: %22- Disponible -%22;||  color: #3cb878;||  font-size: 12px;||  text-align: center;||  display: block;||  margin-top: 1px;||  font-weight: 500;||}||||||\/* Vendue *\/||.instrument.vendue {||  opacity: 0.35;||}||||.instrument.vendue::after {||  content: %22- D\u00e9j\u00e0 adopt\u00e9e -%22;||  font-size: 12px;||  color: #A12A12;||  text-align: center;||  display: block;||  margin-top: 1px;||}||.et_pb_image a {||  pointer-events: auto;||}||||\u00a0\u00bb global_colors_info=\u00a0\u00bb{}\u00a0\u00bb][et_pb_row admin_label=\u00a0\u00bbGuitares Unplug\u00a0\u00bb module_class=\u00a0\u00bbinstrument guitare guitare-gaucher\u00a0\u00bb _builder_version=\u00a0\u00bb4.27.5&Prime; _module_preset=\u00a0\u00bbdefault\u00a0\u00bb min_height=\u00a0\u00bb55px\u00a0\u00bb min_height_tablet=\u00a0\u00bb55px\u00a0\u00bb min_height_phone=\u00a0\u00bb55px\u00a0\u00bb min_height_last_edited=\u00a0\u00bbon|desktop\u00a0\u00bb custom_margin=\u00a0\u00bb0px|auto|18px|auto|false|false\u00a0\u00bb custom_margin_tablet=\u00a0\u00bb0px|auto|18px|auto|false|false\u00a0\u00bb custom_margin_phone=\u00a0\u00bb-23px||||false|false\u00a0\u00bb custom_margin_last_edited=\u00a0\u00bbon|phone\u00a0\u00bb custom_padding=\u00a0\u00bb||0px|||\u00a0\u00bb global_colors_info=\u00a0\u00bb{}\u00a0\u00bb][et_pb_column type=\u00a0\u00bb4_4&Prime; _builder_version=\u00a0\u00bb4.27.5&Prime; _module_preset=\u00a0\u00bbdefault\u00a0\u00bb global_colors_info=\u00a0\u00bb{}\u00a0\u00bb][et_pb_text _builder_version=\u00a0\u00bb4.27.5&Prime; _module_preset=\u00a0\u00bbdefault\u00a0\u00bb text_text_color=\u00a0\u00bb#000000&Prime; text_font_size=\u00a0\u00bb5.6em\u00a0\u00bb header_font=\u00a0\u00bb|800|||||||\u00a0\u00bb min_height=\u00a0\u00bb100px\u00a0\u00bb custom_margin=\u00a0\u00bb||-7vw||false|false\u00a0\u00bb custom_margin_tablet=\u00a0\u00bb||-10vw||false|false\u00a0\u00bb custom_margin_phone=\u00a0\u00bb||-27vw||false|false\u00a0\u00bb custom_margin_last_edited=\u00a0\u00bbon|phone\u00a0\u00bb text_font_size_tablet=\u00a0\u00bb4.1em\u00a0\u00bb text_font_size_phone=\u00a0\u00bb2.2em\u00a0\u00bb text_font_size_last_edited=\u00a0\u00bbon|desktop\u00a0\u00bb text_text_shadow_style=\u00a0\u00bbpreset3&Prime; text_text_shadow_color=\u00a0\u00bbRGBA(255,255,255,0)\u00a0\u00bb global_colors_info=\u00a0\u00bb{}\u00a0\u00bb]<\/p>\n<p>Guitars<\/p>\n<p>[\/et_pb_text][\/et_pb_column][\/et_pb_row][et_pb_row admin_label=\u00a0\u00bbUnplug-Nature\u00a0\u00bb module_class=\u00a0\u00bbinstrument guitare guitare-droitier unplug nature\u00a0\u00bb _builder_version=\u00a0\u00bb4.27.5&Prime; _module_preset=\u00a0\u00bbdefault\u00a0\u00bb custom_padding=\u00a0\u00bb16px|||||\u00a0\u00bb global_colors_info=\u00a0\u00bb{}\u00a0\u00bb][et_pb_column type=\u00a0\u00bb4_4&Prime; _builder_version=\u00a0\u00bb4.27.5&Prime; _module_preset=\u00a0\u00bbdefault\u00a0\u00bb global_colors_info=\u00a0\u00bb{}\u00a0\u00bb][et_pb_text _builder_version=\u00a0\u00bb4.27.5&Prime; _module_preset=\u00a0\u00bbdefault\u00a0\u00bb text_font=\u00a0\u00bb|&#8211;et_global_body_font_weight||on|||||solid\u00a0\u00bb text_text_color=\u00a0\u00bb#000000&Prime; text_font_size=\u00a0\u00bb3.3em\u00a0\u00bb ul_text_align=\u00a0\u00bbleft\u00a0\u00bb custom_margin=\u00a0\u00bb0px||||false|false\u00a0\u00bb custom_margin_tablet=\u00a0\u00bb0px||||false|false\u00a0\u00bb custom_margin_phone=\u00a0\u00bb-20px||||false|false\u00a0\u00bb custom_margin_last_edited=\u00a0\u00bbon|phone\u00a0\u00bb custom_padding=\u00a0\u00bb25px||25px||false|false\u00a0\u00bb custom_padding_tablet=\u00a0\u00bb18px||18px||false|false\u00a0\u00bb custom_padding_phone=\u00a0\u00bb8px||8px||false|false\u00a0\u00bb custom_padding_last_edited=\u00a0\u00bbon|desktop\u00a0\u00bb text_font_tablet=\u00a0\u00bb|&#8211;et_global_body_font_weight||on|||||solid\u00a0\u00bb text_font_phone=\u00a0\u00bb|600||on|||||solid\u00a0\u00bb text_font_last_edited=\u00a0\u00bbon|phone\u00a0\u00bb text_font_size_tablet=\u00a0\u00bb4.3vw\u00a0\u00bb text_font_size_phone=\u00a0\u00bb4.3vw\u00a0\u00bb text_font_size_last_edited=\u00a0\u00bbon|phone\u00a0\u00bb border_width_top=\u00a0\u00bb6px\u00a0\u00bb border_width_bottom=\u00a0\u00bb6px\u00a0\u00bb global_colors_info=\u00a0\u00bb{}\u00a0\u00bb text_letter_spacing__hover_enabled=\u00a0\u00bbon|desktop\u00a0\u00bb]<\/p>\n<p>Variocaster &#8211; Unplug &#8211; Nature <\/p>\n<p>[\/et_pb_text][\/et_pb_column][\/et_pb_row][et_pb_row column_structure=\u00a0\u00bb1_3,1_3,1_3&Prime; admin_label=\u00a0\u00bbligne-unplug\u00a0\u00bb _builder_version=\u00a0\u00bb4.27.5&Prime; _module_preset=\u00a0\u00bbdefault\u00a0\u00bb width=\u00a0\u00bb70%\u00a0\u00bb width_tablet=\u00a0\u00bb70%\u00a0\u00bb width_phone=\u00a0\u00bb70%\u00a0\u00bb width_last_edited=\u00a0\u00bbon|desktop\u00a0\u00bb max_width=\u00a0\u00bb1131px\u00a0\u00bb custom_padding=\u00a0\u00bb|30px||||\u00a0\u00bb custom_css_free_form=\u00a0\u00bb||\u00a0\u00bb global_colors_info=\u00a0\u00bb{}\u00a0\u00bb][et_pb_column type=\u00a0\u00bb1_3&Prime; module_class=\u00a0\u00bbinstrument guitare guitare-droitier unplug nature volcano vendue\u00a0\u00bb admin_label=\u00a0\u00bb1&Prime; _builder_version=\u00a0\u00bb4.27.5&Prime; _module_preset=\u00a0\u00bbdefault\u00a0\u00bb background_color=\u00a0\u00bbRGBA(255,255,255,0)\u00a0\u00bb global_colors_info=\u00a0\u00bb{}\u00a0\u00bb][et_pb_image src=\u00a0\u00bbhttps:\/\/pralong-guitars.com\/wp-content\/uploads\/2026\/01\/GD-UNM-097_a.jpg\u00a0\u00bb title_text=\u00a0\u00bb#GD-UNV-097_a\u00a0\u00bb show_in_lightbox=\u00a0\u00bbon\u00a0\u00bb _builder_version=\u00a0\u00bb4.27.5&Prime; _module_preset=\u00a0\u00bbdefault\u00a0\u00bb custom_margin=\u00a0\u00bb||18px|||\u00a0\u00bb border_radii=\u00a0\u00bbon|8px|8px|8px|8px\u00a0\u00bb border_radii_tablet=\u00a0\u00bbon|8px|8px|8px|8px\u00a0\u00bb border_radii_phone=\u00a0\u00bbon|8px|8px|8px|8px\u00a0\u00bb border_radii_last_edited=\u00a0\u00bbon|phone\u00a0\u00bb global_colors_info=\u00a0\u00bb{}\u00a0\u00bb][\/et_pb_image][et_pb_text _builder_version=\u00a0\u00bb4.27.5&Prime; _module_preset=\u00a0\u00bbdefault\u00a0\u00bb text_font=\u00a0\u00bb||||||||\u00a0\u00bb text_text_color=\u00a0\u00bbrgba(0,0,0,0.58)\u00a0\u00bb text_orientation=\u00a0\u00bbcenter\u00a0\u00bb global_colors_info=\u00a0\u00bb{}\u00a0\u00bb]#GD-UNV-097[\/et_pb_text][\/et_pb_column][et_pb_column type=\u00a0\u00bb1_3&Prime; module_class=\u00a0\u00bbinstrument guitare guitare-droitier unplug nature ebony disponible\u00a0\u00bb admin_label=\u00a0\u00bb2&Prime; _builder_version=\u00a0\u00bb4.27.5&Prime; _module_preset=\u00a0\u00bbdefault\u00a0\u00bb global_colors_info=\u00a0\u00bb{}\u00a0\u00bb][et_pb_image src=\u00a0\u00bbhttps:\/\/pralong-guitars.com\/wp-content\/uploads\/2026\/01\/GD-UNV-098_a.jpg\u00a0\u00bb title_text=\u00a0\u00bb#GD-UNV-098_a\u00a0\u00bb show_in_lightbox=\u00a0\u00bbon\u00a0\u00bb admin_label=\u00a0\u00bbImage\u00a0\u00bb _builder_version=\u00a0\u00bb4.27.5&Prime; _module_preset=\u00a0\u00bbdefault\u00a0\u00bb custom_margin=\u00a0\u00bb||18px||false|false\u00a0\u00bb border_radii=\u00a0\u00bbon|8px|8px|8px|8px\u00a0\u00bb border_radii_tablet=\u00a0\u00bbon|8px|8px|8px|8px\u00a0\u00bb border_radii_phone=\u00a0\u00bbon|8px|8px|8px|8px\u00a0\u00bb border_radii_last_edited=\u00a0\u00bbon|phone\u00a0\u00bb global_colors_info=\u00a0\u00bb{}\u00a0\u00bb][\/et_pb_image][et_pb_text _builder_version=\u00a0\u00bb4.27.5&Prime; _module_preset=\u00a0\u00bbdefault\u00a0\u00bb text_font=\u00a0\u00bb|&#8211;et_global_body_font_weight|||||||\u00a0\u00bb text_text_color=\u00a0\u00bbrgba(0,0,0,0.58)\u00a0\u00bb text_orientation=\u00a0\u00bbcenter\u00a0\u00bb global_colors_info=\u00a0\u00bb{}\u00a0\u00bb]#GD-UNE-098[\/et_pb_text][\/et_pb_column][et_pb_column type=\u00a0\u00bb1_3&Prime; module_class=\u00a0\u00bbinstrument guitare guitare-droitier unplug nature volcano disponible\u00a0\u00bb admin_label=\u00a0\u00bb3&Prime; _builder_version=\u00a0\u00bb4.27.5&Prime; _module_preset=\u00a0\u00bbdefault\u00a0\u00bb global_colors_info=\u00a0\u00bb{}\u00a0\u00bb][et_pb_image src=\u00a0\u00bbhttps:\/\/pralong-guitars.com\/wp-content\/uploads\/2026\/01\/GD-UNE-099_a.jpg\u00a0\u00bb title_text=\u00a0\u00bb#GD-UNE-099_a\u00a0\u00bb show_in_lightbox=\u00a0\u00bbon\u00a0\u00bb admin_label=\u00a0\u00bbImage\u00a0\u00bb _builder_version=\u00a0\u00bb4.27.5&Prime; _module_preset=\u00a0\u00bbdefault\u00a0\u00bb custom_margin=\u00a0\u00bb||18px||false|false\u00a0\u00bb border_radii=\u00a0\u00bbon|8px|8px|8px|8px\u00a0\u00bb border_radii_tablet=\u00a0\u00bbon|8px|8px|8px|8px\u00a0\u00bb border_radii_phone=\u00a0\u00bbon|8px|8px|8px|8px\u00a0\u00bb border_radii_last_edited=\u00a0\u00bbon|phone\u00a0\u00bb global_colors_info=\u00a0\u00bb{}\u00a0\u00bb][\/et_pb_image][et_pb_text _builder_version=\u00a0\u00bb4.27.5&Prime; _module_preset=\u00a0\u00bbdefault\u00a0\u00bb text_font=\u00a0\u00bb|&#8211;et_global_body_font_weight|||||||\u00a0\u00bb text_text_color=\u00a0\u00bbrgba(0,0,0,0.58)\u00a0\u00bb text_orientation=\u00a0\u00bbcenter\u00a0\u00bb global_colors_info=\u00a0\u00bb{}\u00a0\u00bb]#GD-UNV-099[\/et_pb_text][\/et_pb_column][\/et_pb_row][et_pb_row admin_label=\u00a0\u00bbretour-en-haut\u00a0\u00bb module_class=\u00a0\u00bbinstrument guitare guitare-gaucher vintage white \u00a0\u00bb _builder_version=\u00a0\u00bb4.27.5&Prime; _module_preset=\u00a0\u00bbdefault\u00a0\u00bb locked=\u00a0\u00bboff\u00a0\u00bb global_colors_info=\u00a0\u00bb{}\u00a0\u00bb][et_pb_column type=\u00a0\u00bb4_4&Prime; admin_label=\u00a0\u00bbColonne\u00a0\u00bb _builder_version=\u00a0\u00bb4.27.5&Prime; _module_preset=\u00a0\u00bbdefault\u00a0\u00bb global_colors_info=\u00a0\u00bb{}\u00a0\u00bb][et_pb_text _builder_version=\u00a0\u00bb4.27.5&Prime; _module_preset=\u00a0\u00bbdefault\u00a0\u00bb text_font=\u00a0\u00bb|300||on|||||\u00a0\u00bb text_text_color=\u00a0\u00bb#FFFFFF\u00a0\u00bb text_font_size=\u00a0\u00bb100%\u00a0\u00bb header_text_align=\u00a0\u00bbcenter\u00a0\u00bb header_text_color=\u00a0\u00bb#FFFFFF\u00a0\u00bb background_color=\u00a0\u00bb#000000&Prime; text_orientation=\u00a0\u00bbcenter\u00a0\u00bb width=\u00a0\u00bb42.7%\u00a0\u00bb max_width=\u00a0\u00bb35%\u00a0\u00bb max_width_tablet=\u00a0\u00bb35%\u00a0\u00bb max_width_phone=\u00a0\u00bb66%\u00a0\u00bb max_width_last_edited=\u00a0\u00bbon|desktop\u00a0\u00bb module_alignment=\u00a0\u00bbcenter\u00a0\u00bb custom_padding=\u00a0\u00bb11px||11px|0px|false|false\u00a0\u00bb link_option_url=\u00a0\u00bb#en-haut\u00a0\u00bb text_font_size_tablet=\u00a0\u00bb100%\u00a0\u00bb text_font_size_phone=\u00a0\u00bb71%\u00a0\u00bb text_font_size_last_edited=\u00a0\u00bbon|tablet\u00a0\u00bb border_radii=\u00a0\u00bbon|1px|1px|1px|1px\u00a0\u00bb border_width_all=\u00a0\u00bb2px\u00a0\u00bb border_color_all=\u00a0\u00bbrgba(255,255,255,0.37)\u00a0\u00bb locked=\u00a0\u00bboff\u00a0\u00bb global_colors_info=\u00a0\u00bb{}\u00a0\u00bb]<\/p>\n<p>Back to top \u2191\u00a0<\/p>\n<p>[\/et_pb_text][\/et_pb_column][\/et_pb_row][\/et_pb_section][et_pb_section fb_built=\u00a0\u00bb1&Prime; _builder_version=\u00a0\u00bb4.27.5&Prime; _module_preset=\u00a0\u00bbdefault\u00a0\u00bb custom_margin=\u00a0\u00bb225px||||false|false\u00a0\u00bb custom_margin_tablet=\u00a0\u00bb225px||||false|false\u00a0\u00bb custom_margin_phone=\u00a0\u00bb56px||||false|false\u00a0\u00bb custom_margin_last_edited=\u00a0\u00bbon|phone\u00a0\u00bb custom_padding=\u00a0\u00bb0px||||false|false\u00a0\u00bb global_colors_info=\u00a0\u00bb{}\u00a0\u00bb][et_pb_row _builder_version=\u00a0\u00bb4.27.5&Prime; _module_preset=\u00a0\u00bbdefault\u00a0\u00bb background_color=\u00a0\u00bb#000000&Prime; width=\u00a0\u00bb100%\u00a0\u00bb max_width=\u00a0\u00bb362%\u00a0\u00bb module_alignment=\u00a0\u00bbcenter\u00a0\u00bb min_height=\u00a0\u00bb28vw\u00a0\u00bb custom_margin=\u00a0\u00bb||-76px||false|false\u00a0\u00bb custom_padding=\u00a0\u00bb0px||0px|0px|false|false\u00a0\u00bb global_colors_info=\u00a0\u00bb{}\u00a0\u00bb][et_pb_column type=\u00a0\u00bb4_4&Prime; _builder_version=\u00a0\u00bb4.27.5&Prime; _module_preset=\u00a0\u00bbdefault\u00a0\u00bb background_color=\u00a0\u00bb#000000&Prime; global_colors_info=\u00a0\u00bb{}\u00a0\u00bb][et_pb_image src=\u00a0\u00bbhttps:\/\/pralong-guitars.com\/wp-content\/uploads\/2026\/01\/banniere-2.jpg\u00a0\u00bb title_text=\u00a0\u00bbbanni\u00e8re\u00a0\u00bb _builder_version=\u00a0\u00bb4.27.5&Prime; _module_preset=\u00a0\u00bbbb33fe66-c792-42d0-88e1-475293d453f0&Prime; custom_margin=\u00a0\u00bb||0px||false|false\u00a0\u00bb custom_margin_tablet=\u00a0\u00bb||77px||false|false\u00a0\u00bb custom_margin_phone=\u00a0\u00bb||76px||false|false\u00a0\u00bb custom_margin_last_edited=\u00a0\u00bbon|desktop\u00a0\u00bb global_module=\u00a0\u00bb984&Prime; saved_tabs=\u00a0\u00bball\u00a0\u00bb global_colors_info=\u00a0\u00bb{}\u00a0\u00bb][\/et_pb_image][\/et_pb_column][\/et_pb_row][\/et_pb_section]<\/p>","protected":false},"excerpt":{"rendered":"<p>GuitaresVariocaster &#8211; Unplug &#8211; Nature #GD-UNV-097#GD-UNE-098#GD-UNV-099Retour en haut \u2191\u00a0<\/p>","protected":false},"author":2,"featured_media":0,"parent":0,"menu_order":0,"comment_status":"closed","ping_status":"closed","template":"","meta":{"_et_pb_use_builder":"on","_et_pb_old_content":"","_et_gb_content_width":"","footnotes":""},"dipi_cpt_category":[],"class_list":["post-910","page","type-page","status-publish","hentry"],"yoast_head":"<!-- This site is optimized with the Yoast SEO plugin v26.7 - https:\/\/yoast.com\/wordpress\/plugins\/seo\/ -->\n<title>guitares-unplug - Pralong Guitars<\/title>\n<meta name=\"robots\" content=\"index, follow, max-snippet:-1, max-image-preview:large, max-video-preview:-1\" \/>\n<link rel=\"canonical\" href=\"https:\/\/pralong-guitars.com\/en\/les-guitares-unplug\/\" \/>\n<meta property=\"og:locale\" content=\"en_US\" \/>\n<meta property=\"og:type\" content=\"article\" \/>\n<meta property=\"og:title\" content=\"guitares-unplug - Pralong Guitars\" \/>\n<meta property=\"og:description\" content=\"GuitaresVariocaster - Unplug - Nature #GD-UNV-097#GD-UNE-098#GD-UNV-099Retour en haut \u2191\u00a0\" \/>\n<meta property=\"og:url\" content=\"https:\/\/pralong-guitars.com\/en\/les-guitares-unplug\/\" \/>\n<meta property=\"og:site_name\" content=\"Pralong Guitars\" \/>\n<meta property=\"article:publisher\" content=\"https:\/\/www.facebook.com\/pralongguitars\" \/>\n<meta property=\"article:modified_time\" content=\"2026-04-21T10:21:33+00:00\" \/>\n<meta name=\"twitter:card\" content=\"summary_large_image\" \/>\n<meta name=\"twitter:label1\" content=\"Est. reading time\" \/>\n\t<meta name=\"twitter:data1\" content=\"1 minute\" \/>\n<script type=\"application\/ld+json\" class=\"yoast-schema-graph\">{\"@context\":\"https:\/\/schema.org\",\"@graph\":[{\"@type\":\"WebPage\",\"@id\":\"https:\/\/pralong-guitars.com\/les-guitares-unplug\/\",\"url\":\"https:\/\/pralong-guitars.com\/les-guitares-unplug\/\",\"name\":\"guitares-unplug - Pralong Guitars\",\"isPartOf\":{\"@id\":\"https:\/\/pralong-guitars.com\/#website\"},\"datePublished\":\"2026-01-23T14:11:25+00:00\",\"dateModified\":\"2026-04-21T10:21:33+00:00\",\"breadcrumb\":{\"@id\":\"https:\/\/pralong-guitars.com\/les-guitares-unplug\/#breadcrumb\"},\"inLanguage\":\"en-US\",\"potentialAction\":[{\"@type\":\"ReadAction\",\"target\":[\"https:\/\/pralong-guitars.com\/les-guitares-unplug\/\"]}]},{\"@type\":\"BreadcrumbList\",\"@id\":\"https:\/\/pralong-guitars.com\/les-guitares-unplug\/#breadcrumb\",\"itemListElement\":[{\"@type\":\"ListItem\",\"position\":1,\"name\":\"Accueil\",\"item\":\"https:\/\/pralong-guitars.com\/\"},{\"@type\":\"ListItem\",\"position\":2,\"name\":\"guitares-unplug\"}]},{\"@type\":\"WebSite\",\"@id\":\"https:\/\/pralong-guitars.com\/#website\",\"url\":\"https:\/\/pralong-guitars.com\/\",\"name\":\"Pralong Guitars\",\"description\":\"Artisanal Guitars and Bass\",\"publisher\":{\"@id\":\"https:\/\/pralong-guitars.com\/#organization\"},\"potentialAction\":[{\"@type\":\"SearchAction\",\"target\":{\"@type\":\"EntryPoint\",\"urlTemplate\":\"https:\/\/pralong-guitars.com\/?s={search_term_string}\"},\"query-input\":{\"@type\":\"PropertyValueSpecification\",\"valueRequired\":true,\"valueName\":\"search_term_string\"}}],\"inLanguage\":\"en-US\"},{\"@type\":\"Organization\",\"@id\":\"https:\/\/pralong-guitars.com\/#organization\",\"name\":\"Pralong Guitars\",\"url\":\"https:\/\/pralong-guitars.com\/\",\"logo\":{\"@type\":\"ImageObject\",\"inLanguage\":\"en-US\",\"@id\":\"https:\/\/pralong-guitars.com\/#\/schema\/logo\/image\/\",\"url\":\"https:\/\/pralong-guitars.com\/wp-content\/uploads\/2023\/04\/logo_pralong_guitars.svg\",\"contentUrl\":\"https:\/\/pralong-guitars.com\/wp-content\/uploads\/2023\/04\/logo_pralong_guitars.svg\",\"width\":1,\"height\":1,\"caption\":\"Pralong Guitars\"},\"image\":{\"@id\":\"https:\/\/pralong-guitars.com\/#\/schema\/logo\/image\/\"},\"sameAs\":[\"https:\/\/www.facebook.com\/pralongguitars\",\"https:\/\/www.instagram.com\/pralong_guitars\/\"]}]}<\/script>\n<!-- \/ Yoast SEO plugin. -->","yoast_head_json":{"title":"guitares-unplug - Pralong Guitars","robots":{"index":"index","follow":"follow","max-snippet":"max-snippet:-1","max-image-preview":"max-image-preview:large","max-video-preview":"max-video-preview:-1"},"canonical":"https:\/\/pralong-guitars.com\/en\/les-guitares-unplug\/","og_locale":"en_US","og_type":"article","og_title":"guitares-unplug - Pralong Guitars","og_description":"GuitaresVariocaster - Unplug - Nature #GD-UNV-097#GD-UNE-098#GD-UNV-099Retour en haut \u2191\u00a0","og_url":"https:\/\/pralong-guitars.com\/en\/les-guitares-unplug\/","og_site_name":"Pralong Guitars","article_publisher":"https:\/\/www.facebook.com\/pralongguitars","article_modified_time":"2026-04-21T10:21:33+00:00","twitter_card":"summary_large_image","twitter_misc":{"Est. reading time":"1 minute"},"schema":{"@context":"https:\/\/schema.org","@graph":[{"@type":"WebPage","@id":"https:\/\/pralong-guitars.com\/les-guitares-unplug\/","url":"https:\/\/pralong-guitars.com\/les-guitares-unplug\/","name":"guitares-unplug - Pralong Guitars","isPartOf":{"@id":"https:\/\/pralong-guitars.com\/#website"},"datePublished":"2026-01-23T14:11:25+00:00","dateModified":"2026-04-21T10:21:33+00:00","breadcrumb":{"@id":"https:\/\/pralong-guitars.com\/les-guitares-unplug\/#breadcrumb"},"inLanguage":"en-US","potentialAction":[{"@type":"ReadAction","target":["https:\/\/pralong-guitars.com\/les-guitares-unplug\/"]}]},{"@type":"BreadcrumbList","@id":"https:\/\/pralong-guitars.com\/les-guitares-unplug\/#breadcrumb","itemListElement":[{"@type":"ListItem","position":1,"name":"Accueil","item":"https:\/\/pralong-guitars.com\/"},{"@type":"ListItem","position":2,"name":"guitares-unplug"}]},{"@type":"WebSite","@id":"https:\/\/pralong-guitars.com\/#website","url":"https:\/\/pralong-guitars.com\/","name":"Pralong Guitars","description":"Artisanal Guitars and Bass","publisher":{"@id":"https:\/\/pralong-guitars.com\/#organization"},"potentialAction":[{"@type":"SearchAction","target":{"@type":"EntryPoint","urlTemplate":"https:\/\/pralong-guitars.com\/?s={search_term_string}"},"query-input":{"@type":"PropertyValueSpecification","valueRequired":true,"valueName":"search_term_string"}}],"inLanguage":"en-US"},{"@type":"Organization","@id":"https:\/\/pralong-guitars.com\/#organization","name":"Pralong Guitars","url":"https:\/\/pralong-guitars.com\/","logo":{"@type":"ImageObject","inLanguage":"en-US","@id":"https:\/\/pralong-guitars.com\/#\/schema\/logo\/image\/","url":"https:\/\/pralong-guitars.com\/wp-content\/uploads\/2023\/04\/logo_pralong_guitars.svg","contentUrl":"https:\/\/pralong-guitars.com\/wp-content\/uploads\/2023\/04\/logo_pralong_guitars.svg","width":1,"height":1,"caption":"Pralong Guitars"},"image":{"@id":"https:\/\/pralong-guitars.com\/#\/schema\/logo\/image\/"},"sameAs":["https:\/\/www.facebook.com\/pralongguitars","https:\/\/www.instagram.com\/pralong_guitars\/"]}]}},"_links":{"self":[{"href":"https:\/\/pralong-guitars.com\/en\/wp-json\/wp\/v2\/pages\/910","targetHints":{"allow":["GET"]}}],"collection":[{"href":"https:\/\/pralong-guitars.com\/en\/wp-json\/wp\/v2\/pages"}],"about":[{"href":"https:\/\/pralong-guitars.com\/en\/wp-json\/wp\/v2\/types\/page"}],"author":[{"embeddable":true,"href":"https:\/\/pralong-guitars.com\/en\/wp-json\/wp\/v2\/users\/2"}],"replies":[{"embeddable":true,"href":"https:\/\/pralong-guitars.com\/en\/wp-json\/wp\/v2\/comments?post=910"}],"version-history":[{"count":29,"href":"https:\/\/pralong-guitars.com\/en\/wp-json\/wp\/v2\/pages\/910\/revisions"}],"predecessor-version":[{"id":1517,"href":"https:\/\/pralong-guitars.com\/en\/wp-json\/wp\/v2\/pages\/910\/revisions\/1517"}],"wp:attachment":[{"href":"https:\/\/pralong-guitars.com\/en\/wp-json\/wp\/v2\/media?parent=910"}],"wp:term":[{"taxonomy":"dipi_cpt_category","embeddable":true,"href":"https:\/\/pralong-guitars.com\/en\/wp-json\/wp\/v2\/dipi_cpt_category?post=910"}],"curies":[{"name":"wp","href":"https:\/\/api.w.org\/{rel}","templated":true}]}}