{"id":1127,"date":"2026-01-26T15:26:27","date_gmt":"2026-01-26T14:26:27","guid":{"rendered":"https:\/\/pralong-guitars.com\/?page_id=1127"},"modified":"2026-01-29T14:35:16","modified_gmt":"2026-01-29T13:35:16","slug":"videos","status":"publish","type":"page","link":"https:\/\/pralong-guitars.com\/en\/videos\/","title":{"rendered":"videos"},"content":{"rendered":"<p>[et_pb_section fb_built=\u00a0\u00bb1&Prime; _builder_version=\u00a0\u00bb4.27.5&Prime; _module_preset=\u00a0\u00bbdefault\u00a0\u00bb background_color=\u00a0\u00bb#000000&Prime; global_colors_info=\u00a0\u00bb{}\u00a0\u00bb][et_pb_row _builder_version=\u00a0\u00bb4.27.5&Prime; _module_preset=\u00a0\u00bbdefault\u00a0\u00bb width=\u00a0\u00bb100%\u00a0\u00bb module_alignment=\u00a0\u00bbcenter\u00a0\u00bb custom_margin=\u00a0\u00bb0px|0px|0px|0px|false|false\u00a0\u00bb custom_padding=\u00a0\u00bb|0vw|0px|0px|false|false\u00a0\u00bb global_colors_info=\u00a0\u00bb{}\u00a0\u00bb][et_pb_column type=\u00a0\u00bb4_4&Prime; _builder_version=\u00a0\u00bb4.27.5&Prime; _module_preset=\u00a0\u00bbdefault\u00a0\u00bb global_colors_info=\u00a0\u00bb{}\u00a0\u00bb][et_pb_text _builder_version=\u00a0\u00bb4.27.5&Prime; _module_preset=\u00a0\u00bb1c1d9d60-bbac-4d18-b021-c689c1761929&Prime; header_2_font=\u00a0\u00bb|700|||||||\u00a0\u00bb header_2_text_color=\u00a0\u00bb#cea18a\u00a0\u00bb custom_margin=\u00a0\u00bb||15px||false|false\u00a0\u00bb custom_padding=\u00a0\u00bb||||false|false\u00a0\u00bb locked=\u00a0\u00bboff\u00a0\u00bb global_colors_info=\u00a0\u00bb{}\u00a0\u00bb]<\/p>\n<h2>Dive into the workshop behind the scenes :<\/h2>\n<p>[\/et_pb_text][\/et_pb_column][\/et_pb_row][et_pb_row _builder_version=\u00a0\u00bb4.27.5&Prime; _module_preset=\u00a0\u00bbdefault\u00a0\u00bb global_colors_info=\u00a0\u00bb{}\u00a0\u00bb][et_pb_column type=\u00a0\u00bb4_4&Prime; _builder_version=\u00a0\u00bb4.27.5&Prime; _module_preset=\u00a0\u00bbdefault\u00a0\u00bb background_color=\u00a0\u00bb#000000&Prime; global_colors_info=\u00a0\u00bb{}\u00a0\u00bb][et_pb_video src=\u00a0\u00bbhttps:\/\/www.youtube.com\/watch?v=KmG04fe4-34&Prime; image_src=\u00a0\u00bb\/\/i.ytimg.com\/vi\/KmG04fe4-34\/hqdefault.jpg\u00a0\u00bb _builder_version=\u00a0\u00bb4.27.5&Prime; _module_preset=\u00a0\u00bbdefault\u00a0\u00bb global_colors_info=\u00a0\u00bb{}\u00a0\u00bb][\/et_pb_video][et_pb_text _builder_version=\u00a0\u00bb4.27.5&Prime; _module_preset=\u00a0\u00bb1c1d9d60-bbac-4d18-b021-c689c1761929&Prime; header_2_font=\u00a0\u00bb|700|||||||\u00a0\u00bb header_2_text_color=\u00a0\u00bb#cea18a\u00a0\u00bb custom_margin=\u00a0\u00bb||15px||false|false\u00a0\u00bb custom_padding=\u00a0\u00bb||||false|false\u00a0\u00bb locked=\u00a0\u00bboff\u00a0\u00bb global_colors_info=\u00a0\u00bb{}\u00a0\u00bb]<\/p>\n<p>Craftsmanship, finishing touches, details and know-how. Our videos take you through every step of the process in depth.\nWatch all our videos on our YouTube channel and subscribe so you don\u2019t miss anything!<\/p>\n<p>[\/et_pb_text][\/et_pb_column][\/et_pb_row][et_pb_row _builder_version=\u00a0\u00bb4.27.5&Prime; _module_preset=\u00a0\u00bbdefault\u00a0\u00bb global_colors_info=\u00a0\u00bb{}\u00a0\u00bb][et_pb_column type=\u00a0\u00bb4_4&Prime; _builder_version=\u00a0\u00bb4.27.5&Prime; _module_preset=\u00a0\u00bbdefault\u00a0\u00bb background_color=\u00a0\u00bb#000000&Prime; global_colors_info=\u00a0\u00bb{}\u00a0\u00bb][et_pb_video src=\u00a0\u00bbhttps:\/\/www.youtube.com\/watch?v=JyCEVvXsnUM\u00a0\u00bb image_src=\u00a0\u00bb\/\/i.ytimg.com\/vi\/JyCEVvXsnUM\/hqdefault.jpg\u00a0\u00bb _builder_version=\u00a0\u00bb4.27.5&Prime; _module_preset=\u00a0\u00bbdefault\u00a0\u00bb global_colors_info=\u00a0\u00bb{}\u00a0\u00bb][\/et_pb_video][\/et_pb_column][\/et_pb_row][et_pb_row _builder_version=\u00a0\u00bb4.27.5&Prime; _module_preset=\u00a0\u00bbdefault\u00a0\u00bb global_colors_info=\u00a0\u00bb{}\u00a0\u00bb][et_pb_column type=\u00a0\u00bb4_4&Prime; _builder_version=\u00a0\u00bb4.27.5&Prime; _module_preset=\u00a0\u00bbdefault\u00a0\u00bb background_color=\u00a0\u00bb#000000&Prime; global_colors_info=\u00a0\u00bb{}\u00a0\u00bb][et_pb_video src=\u00a0\u00bbhttps:\/\/www.youtube.com\/watch?v=-jUleeaF5h4&Prime; image_src=\u00a0\u00bb\/\/i.ytimg.com\/vi\/-jUleeaF5h4\/hqdefault.jpg\u00a0\u00bb _builder_version=\u00a0\u00bb4.27.5&Prime; _module_preset=\u00a0\u00bbdefault\u00a0\u00bb global_colors_info=\u00a0\u00bb{}\u00a0\u00bb][\/et_pb_video][\/et_pb_column][\/et_pb_row][et_pb_row admin_label=\u00a0\u00bbretour-en-haut\u00a0\u00bb module_class=\u00a0\u00bbinstrument guitare guitare-gaucher vintage white \u00a0\u00bb _builder_version=\u00a0\u00bb4.27.5&Prime; _module_preset=\u00a0\u00bbdefault\u00a0\u00bb locked=\u00a0\u00bboff\u00a0\u00bb global_colors_info=\u00a0\u00bb{}\u00a0\u00bb][et_pb_column type=\u00a0\u00bb4_4&Prime; admin_label=\u00a0\u00bbColonne\u00a0\u00bb _builder_version=\u00a0\u00bb4.27.5&Prime; _module_preset=\u00a0\u00bbdefault\u00a0\u00bb global_colors_info=\u00a0\u00bb{}\u00a0\u00bb][et_pb_text _builder_version=\u00a0\u00bb4.27.5&Prime; _module_preset=\u00a0\u00bbdefault\u00a0\u00bb text_font=\u00a0\u00bb|300||on|||||\u00a0\u00bb text_text_color=\u00a0\u00bb#FFFFFF\u00a0\u00bb text_font_size=\u00a0\u00bb100%\u00a0\u00bb header_text_align=\u00a0\u00bbcenter\u00a0\u00bb header_text_color=\u00a0\u00bb#FFFFFF\u00a0\u00bb background_color=\u00a0\u00bb#000000&Prime; text_orientation=\u00a0\u00bbcenter\u00a0\u00bb width=\u00a0\u00bb42.7%\u00a0\u00bb max_width=\u00a0\u00bb35%\u00a0\u00bb max_width_tablet=\u00a0\u00bb35%\u00a0\u00bb max_width_phone=\u00a0\u00bb66%\u00a0\u00bb max_width_last_edited=\u00a0\u00bbon|desktop\u00a0\u00bb module_alignment=\u00a0\u00bbcenter\u00a0\u00bb custom_padding=\u00a0\u00bb11px||11px|0px|false|false\u00a0\u00bb link_option_url=\u00a0\u00bb#en-haut\u00a0\u00bb text_font_size_tablet=\u00a0\u00bb100%\u00a0\u00bb text_font_size_phone=\u00a0\u00bb71%\u00a0\u00bb text_font_size_last_edited=\u00a0\u00bbon|tablet\u00a0\u00bb border_radii=\u00a0\u00bbon|1px|1px|1px|1px\u00a0\u00bb border_width_all=\u00a0\u00bb2px\u00a0\u00bb border_color_all=\u00a0\u00bbrgba(255,255,255,0.37)\u00a0\u00bb global_colors_info=\u00a0\u00bb{}\u00a0\u00bb locked=\u00a0\u00bboff\u00a0\u00bb]<\/p>\n<p>Back to top \u2191\u00a0<\/p>\n<p>[\/et_pb_text][\/et_pb_column][\/et_pb_row][\/et_pb_section]<\/p>","protected":false},"excerpt":{"rendered":"<p>Plongez dans les coulisses de l&rsquo;atelier :Fabrication, finitions, d\u00e9tails et savoir-faire. Nos vid\u00e9os vous montrent chaque \u00e9tape en profondeur. Retrouvez toutes nos vid\u00e9os sur notre cha\u00eene YouTube et abonnez-vous pour ne rien manquer !Retour en haut \u2191\u00a0<\/p>","protected":false},"author":2,"featured_media":0,"parent":0,"menu_order":0,"comment_status":"closed","ping_status":"closed","template":"","meta":{"_et_pb_use_builder":"on","_et_pb_old_content":"","_et_gb_content_width":"","footnotes":""},"dipi_cpt_category":[],"class_list":["post-1127","page","type-page","status-publish","hentry"],"yoast_head":"<!-- This site is optimized with the Yoast SEO plugin v26.7 - https:\/\/yoast.com\/wordpress\/plugins\/seo\/ -->\n<title>videos - Pralong Guitars<\/title>\n<meta name=\"robots\" content=\"index, follow, max-snippet:-1, max-image-preview:large, max-video-preview:-1\" \/>\n<link rel=\"canonical\" href=\"https:\/\/pralong-guitars.com\/en\/videos\/\" \/>\n<meta property=\"og:locale\" content=\"en_US\" \/>\n<meta property=\"og:type\" content=\"article\" \/>\n<meta property=\"og:title\" content=\"videos - Pralong Guitars\" \/>\n<meta property=\"og:description\" content=\"Plongez dans les coulisses de l&#039;atelier :Fabrication, finitions, d\u00e9tails et savoir-faire. Nos vid\u00e9os vous montrent chaque \u00e9tape en profondeur. Retrouvez toutes nos vid\u00e9os sur notre cha\u00eene YouTube et abonnez-vous pour ne rien manquer !Retour en haut \u2191\u00a0\" \/>\n<meta property=\"og:url\" content=\"https:\/\/pralong-guitars.com\/en\/videos\/\" \/>\n<meta property=\"og:site_name\" content=\"Pralong Guitars\" \/>\n<meta property=\"article:publisher\" content=\"https:\/\/www.facebook.com\/pralongguitars\" \/>\n<meta property=\"article:modified_time\" content=\"2026-01-29T13:35:16+00:00\" \/>\n<meta name=\"twitter:card\" content=\"summary_large_image\" \/>\n<meta name=\"twitter:label1\" content=\"Est. reading time\" \/>\n\t<meta name=\"twitter:data1\" content=\"1 minute\" \/>\n<script type=\"application\/ld+json\" class=\"yoast-schema-graph\">{\"@context\":\"https:\/\/schema.org\",\"@graph\":[{\"@type\":\"WebPage\",\"@id\":\"https:\/\/pralong-guitars.com\/videos\/\",\"url\":\"https:\/\/pralong-guitars.com\/videos\/\",\"name\":\"videos - Pralong Guitars\",\"isPartOf\":{\"@id\":\"https:\/\/pralong-guitars.com\/#website\"},\"datePublished\":\"2026-01-26T14:26:27+00:00\",\"dateModified\":\"2026-01-29T13:35:16+00:00\",\"breadcrumb\":{\"@id\":\"https:\/\/pralong-guitars.com\/videos\/#breadcrumb\"},\"inLanguage\":\"en-US\",\"potentialAction\":[{\"@type\":\"ReadAction\",\"target\":[\"https:\/\/pralong-guitars.com\/videos\/\"]}]},{\"@type\":\"BreadcrumbList\",\"@id\":\"https:\/\/pralong-guitars.com\/videos\/#breadcrumb\",\"itemListElement\":[{\"@type\":\"ListItem\",\"position\":1,\"name\":\"Accueil\",\"item\":\"https:\/\/pralong-guitars.com\/\"},{\"@type\":\"ListItem\",\"position\":2,\"name\":\"videos\"}]},{\"@type\":\"WebSite\",\"@id\":\"https:\/\/pralong-guitars.com\/#website\",\"url\":\"https:\/\/pralong-guitars.com\/\",\"name\":\"Pralong Guitars\",\"description\":\"Artisanal Guitars and Bass\",\"publisher\":{\"@id\":\"https:\/\/pralong-guitars.com\/#organization\"},\"potentialAction\":[{\"@type\":\"SearchAction\",\"target\":{\"@type\":\"EntryPoint\",\"urlTemplate\":\"https:\/\/pralong-guitars.com\/?s={search_term_string}\"},\"query-input\":{\"@type\":\"PropertyValueSpecification\",\"valueRequired\":true,\"valueName\":\"search_term_string\"}}],\"inLanguage\":\"en-US\"},{\"@type\":\"Organization\",\"@id\":\"https:\/\/pralong-guitars.com\/#organization\",\"name\":\"Pralong Guitars\",\"url\":\"https:\/\/pralong-guitars.com\/\",\"logo\":{\"@type\":\"ImageObject\",\"inLanguage\":\"en-US\",\"@id\":\"https:\/\/pralong-guitars.com\/#\/schema\/logo\/image\/\",\"url\":\"https:\/\/pralong-guitars.com\/wp-content\/uploads\/2023\/04\/logo_pralong_guitars.svg\",\"contentUrl\":\"https:\/\/pralong-guitars.com\/wp-content\/uploads\/2023\/04\/logo_pralong_guitars.svg\",\"width\":1,\"height\":1,\"caption\":\"Pralong Guitars\"},\"image\":{\"@id\":\"https:\/\/pralong-guitars.com\/#\/schema\/logo\/image\/\"},\"sameAs\":[\"https:\/\/www.facebook.com\/pralongguitars\",\"https:\/\/www.instagram.com\/pralong_guitars\/\"]}]}<\/script>\n<!-- \/ Yoast SEO plugin. -->","yoast_head_json":{"title":"videos - Pralong Guitars","robots":{"index":"index","follow":"follow","max-snippet":"max-snippet:-1","max-image-preview":"max-image-preview:large","max-video-preview":"max-video-preview:-1"},"canonical":"https:\/\/pralong-guitars.com\/en\/videos\/","og_locale":"en_US","og_type":"article","og_title":"videos - Pralong Guitars","og_description":"Plongez dans les coulisses de l'atelier :Fabrication, finitions, d\u00e9tails et savoir-faire. Nos vid\u00e9os vous montrent chaque \u00e9tape en profondeur. Retrouvez toutes nos vid\u00e9os sur notre cha\u00eene YouTube et abonnez-vous pour ne rien manquer !Retour en haut \u2191\u00a0","og_url":"https:\/\/pralong-guitars.com\/en\/videos\/","og_site_name":"Pralong Guitars","article_publisher":"https:\/\/www.facebook.com\/pralongguitars","article_modified_time":"2026-01-29T13:35:16+00:00","twitter_card":"summary_large_image","twitter_misc":{"Est. reading time":"1 minute"},"schema":{"@context":"https:\/\/schema.org","@graph":[{"@type":"WebPage","@id":"https:\/\/pralong-guitars.com\/videos\/","url":"https:\/\/pralong-guitars.com\/videos\/","name":"videos - Pralong Guitars","isPartOf":{"@id":"https:\/\/pralong-guitars.com\/#website"},"datePublished":"2026-01-26T14:26:27+00:00","dateModified":"2026-01-29T13:35:16+00:00","breadcrumb":{"@id":"https:\/\/pralong-guitars.com\/videos\/#breadcrumb"},"inLanguage":"en-US","potentialAction":[{"@type":"ReadAction","target":["https:\/\/pralong-guitars.com\/videos\/"]}]},{"@type":"BreadcrumbList","@id":"https:\/\/pralong-guitars.com\/videos\/#breadcrumb","itemListElement":[{"@type":"ListItem","position":1,"name":"Accueil","item":"https:\/\/pralong-guitars.com\/"},{"@type":"ListItem","position":2,"name":"videos"}]},{"@type":"WebSite","@id":"https:\/\/pralong-guitars.com\/#website","url":"https:\/\/pralong-guitars.com\/","name":"Pralong Guitars","description":"Artisanal Guitars and Bass","publisher":{"@id":"https:\/\/pralong-guitars.com\/#organization"},"potentialAction":[{"@type":"SearchAction","target":{"@type":"EntryPoint","urlTemplate":"https:\/\/pralong-guitars.com\/?s={search_term_string}"},"query-input":{"@type":"PropertyValueSpecification","valueRequired":true,"valueName":"search_term_string"}}],"inLanguage":"en-US"},{"@type":"Organization","@id":"https:\/\/pralong-guitars.com\/#organization","name":"Pralong Guitars","url":"https:\/\/pralong-guitars.com\/","logo":{"@type":"ImageObject","inLanguage":"en-US","@id":"https:\/\/pralong-guitars.com\/#\/schema\/logo\/image\/","url":"https:\/\/pralong-guitars.com\/wp-content\/uploads\/2023\/04\/logo_pralong_guitars.svg","contentUrl":"https:\/\/pralong-guitars.com\/wp-content\/uploads\/2023\/04\/logo_pralong_guitars.svg","width":1,"height":1,"caption":"Pralong Guitars"},"image":{"@id":"https:\/\/pralong-guitars.com\/#\/schema\/logo\/image\/"},"sameAs":["https:\/\/www.facebook.com\/pralongguitars","https:\/\/www.instagram.com\/pralong_guitars\/"]}]}},"_links":{"self":[{"href":"https:\/\/pralong-guitars.com\/en\/wp-json\/wp\/v2\/pages\/1127","targetHints":{"allow":["GET"]}}],"collection":[{"href":"https:\/\/pralong-guitars.com\/en\/wp-json\/wp\/v2\/pages"}],"about":[{"href":"https:\/\/pralong-guitars.com\/en\/wp-json\/wp\/v2\/types\/page"}],"author":[{"embeddable":true,"href":"https:\/\/pralong-guitars.com\/en\/wp-json\/wp\/v2\/users\/2"}],"replies":[{"embeddable":true,"href":"https:\/\/pralong-guitars.com\/en\/wp-json\/wp\/v2\/comments?post=1127"}],"version-history":[{"count":12,"href":"https:\/\/pralong-guitars.com\/en\/wp-json\/wp\/v2\/pages\/1127\/revisions"}],"predecessor-version":[{"id":1437,"href":"https:\/\/pralong-guitars.com\/en\/wp-json\/wp\/v2\/pages\/1127\/revisions\/1437"}],"wp:attachment":[{"href":"https:\/\/pralong-guitars.com\/en\/wp-json\/wp\/v2\/media?parent=1127"}],"wp:term":[{"taxonomy":"dipi_cpt_category","embeddable":true,"href":"https:\/\/pralong-guitars.com\/en\/wp-json\/wp\/v2\/dipi_cpt_category?post=1127"}],"curies":[{"name":"wp","href":"https:\/\/api.w.org\/{rel}","templated":true}]}}